{"id":3006,"date":"2023-01-23T19:59:21","date_gmt":"2023-01-23T19:59:21","guid":{"rendered":"http:\/\/www.test.86interactive.com\/amaca\/politicas-de-proteccion-de-datos\/"},"modified":"2023-03-03T00:10:36","modified_gmt":"2023-03-03T00:10:36","slug":"politicas-de-proteccion-de-datos","status":"publish","type":"page","link":"https:\/\/amacaecostation.com\/fr\/politicas-de-proteccion-de-datos\/","title":{"rendered":"Pol\u00edticas de protecci\u00f3n de datos"},"content":{"rendered":"[vc_row type=&#8221;full_width_content&#8221; full_screen_row_position=&#8221;middle&#8221; column_margin=&#8221;default&#8221; column_direction=&#8221;default&#8221; column_direction_tablet=&#8221;default&#8221; column_direction_phone=&#8221;default&#8221; bg_color=&#8221;#ffffff&#8221; scene_position=&#8221;center&#8221; text_color=&#8221;dark&#8221; text_align=&#8221;left&#8221; row_border_radius=&#8221;none&#8221; row_border_radius_applies=&#8221;bg&#8221; overflow=&#8221;visible&#8221; overlay_strength=&#8221;0.3&#8243; gradient_direction=&#8221;left_to_right&#8221; shape_divider_position=&#8221;bottom&#8221; bg_image_animation=&#8221;none&#8221; gradient_type=&#8221;default&#8221; shape_type=&#8221;&#8221;][vc_column column_padding=&#8221;no-extra-padding&#8221; column_padding_tablet=&#8221;inherit&#8221; column_padding_phone=&#8221;inherit&#8221; column_padding_position=&#8221;all&#8221; column_element_direction_desktop=&#8221;default&#8221; column_element_spacing=&#8221;default&#8221; desktop_text_alignment=&#8221;default&#8221; tablet_text_alignment=&#8221;default&#8221; phone_text_alignment=&#8221;default&#8221; background_color_opacity=&#8221;1&#8243; background_hover_color_opacity=&#8221;1&#8243; column_backdrop_filter=&#8221;none&#8221; column_shadow=&#8221;none&#8221; column_border_radius=&#8221;none&#8221; column_link_target=&#8221;_self&#8221; column_position=&#8221;default&#8221; gradient_direction=&#8221;left_to_right&#8221; overlay_strength=&#8221;0.3&#8243; width=&#8221;1\/1&#8243; tablet_width_inherit=&#8221;default&#8221; animation_type=&#8221;default&#8221; bg_image_animation=&#8221;none&#8221; border_type=&#8221;simple&#8221; column_border_width=&#8221;none&#8221; column_border_style=&#8221;solid&#8221;][divider line_type=&#8221;Full Width Line&#8221; line_thickness=&#8221;1&#8243; divider_color=&#8221;default&#8221;][\/vc_column][\/vc_row][vc_row type=&#8221;full_width_background&#8221; full_screen_row_position=&#8221;middle&#8221; column_margin=&#8221;default&#8221; column_direction=&#8221;default&#8221; column_direction_tablet=&#8221;default&#8221; column_direction_phone=&#8221;default&#8221; bg_color=&#8221;#ffffff&#8221; scene_position=&#8221;center&#8221; text_color=&#8221;dark&#8221; text_align=&#8221;left&#8221; row_border_radius=&#8221;none&#8221; row_border_radius_applies=&#8221;bg&#8221; overflow=&#8221;visible&#8221; class=&#8221;politica&#8221; overlay_strength=&#8221;0.3&#8243; gradient_direction=&#8221;left_to_right&#8221; shape_divider_position=&#8221;bottom&#8221; bg_image_animation=&#8221;none&#8221; gradient_type=&#8221;default&#8221; shape_type=&#8221;&#8221;][vc_column column_padding=&#8221;no-extra-padding&#8221; column_padding_tablet=&#8221;inherit&#8221; column_padding_phone=&#8221;inherit&#8221; column_padding_position=&#8221;all&#8221; column_element_direction_desktop=&#8221;default&#8221; column_element_spacing=&#8221;default&#8221; desktop_text_alignment=&#8221;default&#8221; tablet_text_alignment=&#8221;default&#8221; phone_text_alignment=&#8221;default&#8221; background_color_opacity=&#8221;1&#8243; background_hover_color_opacity=&#8221;1&#8243; column_backdrop_filter=&#8221;none&#8221; column_shadow=&#8221;none&#8221; column_border_radius=&#8221;none&#8221; column_link_target=&#8221;_self&#8221; column_position=&#8221;default&#8221; gradient_direction=&#8221;left_to_right&#8221; overlay_strength=&#8221;0.3&#8243; width=&#8221;1\/1&#8243; tablet_width_inherit=&#8221;default&#8221; animation_type=&#8221;default&#8221; bg_image_animation=&#8221;none&#8221; border_type=&#8221;simple&#8221; column_border_width=&#8221;none&#8221; column_border_style=&#8221;solid&#8221;][vc_column_text]\r\n<h2 class=\"wp-block-heading\">Pol\u00edticas de protecci\u00f3n de datos<\/h2>\r\n<p>La emisi\u00f3n del boleto se realizar\u00e1 solo despues de recibir y verificar el pago respectivo.<br \/>Los pagos ser\u00e1n a trav\u00e9s unicamente de dep\u00f3sitos a cuenta de BBVA, Interbank, BCP y Banco de la Naci\u00f3n.<br \/>Yape y Plin al n\u00famero (+51)947741676<\/p>\r\n<h3>Reembolsos y devoluciones<\/h3>\r\n<h4>Reembolsos y cancelaci\u00f3n de pedidos:<\/h4>\r\n<p>Usted puede cancelar la compra de cualquier orden solamente con nuestra aprobaci\u00f3n previa por escrito. Siempre que sea posible, cancelaremos cualquier compra sin cargo algunos<\/p>\r\n<h4>Devoluciones:<\/h4>\r\n<p>Todas las devoluciones requieren nuestra autorizaci\u00f3n previa por escrito. En estos casos e Cliente pagara al Vendedor una tarifa de reposici\u00f3n de existencias del 25%, los costos de envio y el costo razonable de renovaci\u00f3n (si est\u00e1 da\u00f1ado) en todo el equipo que se ha enviado<\/p>\r\n<p>MAS INFORMACI\u00d3N SOBRE OTROS ART\u00cdCULOS. INCLUYENDO GARANTIAS DE PRODUCTOS<br \/>Estos Terminos y condiciones de venta est\u00e1ndar (\u00abT\u00e9rminos &gt;&gt;) se aplican a la venta de todos los productos y servicios de LIMAMENTOR SAC En estos T\u00e9rminos. \u00abVendedor significa LIMAMENTOR, y el \u00abCliente\u00bb significa el comprador de los pasajes, boletos y otras afines<\/p>\r\n<p>Aceptaci\u00f3n de los T\u00e9rminos y Condiciones de Venta del Vendedor. El Cliente ha leido y entiende estos T\u00e9rminos. El Cliente acepta que () la aceptaci\u00f3n por escrito del Cliente de estos T\u00e9rminos (incluyendo la emisi\u00f3n de una orden de compra por parte del Cliente). (m) la aceptaci\u00f3n por parte del Cliente de los servicios del Vendedor o (iii) Aceptaci\u00f3n de estos T\u00e9rminos como los \u00fanicos t\u00e9rminos y condiciones que rigen la venta por parte del Vendedor al Cliente. El Cliente reconoce y acepta expresamente que todos los t\u00e9rminos y condiciones propuestos por el Cliente que son diferentes o adicionales a estos T\u00e9rminos son inaceptables para el Vendedor, son expresamente rechazados por el Vendedor y no formar\u00e1n parte del acuerdo entre el Cliente y el Vendedor. Ninguna variaci\u00f3n de estos T\u00e9rminos ser\u00e1 efectiva a menos que el Director Ejecutivo del Vendedor o su representante designado lo acuerden expresamente por escrito.<br \/>Sin Ventas al Consumidor. El Cliente reconoce que el Vendedor no est\u00e1 en el negocio de vender sin obligaci\u00f3n a los consumidores. El Cliente garantiza y representa al Vendedor que (a) est\u00e1 comprando el pasaje, boleto o afines \u00fanicamente con fines comerciales o comerciales, y (b) no es un \u00abconsumidor&gt;&gt; seg\u00fan lo define cualquier ley o regulaci\u00f3n aplicable.<br \/>Citas. Todas las cotizaciones son s\u00f3lo informativas y no son una oferta del Vendedor. Una orden de un Cliente no constituir\u00e1 un contrato entre ella y el Vendedor a menos que haya sido aceptada por el Vendedor por escrito, cuya aceptaci\u00f3n se considerar\u00e1 que ocurrir\u00e1 en las oficinas del Vendedor en Iquitos.<\/p>\r\n<h4>Precios:<\/h4>\r\n<p>Los precios publicados no son ofertas incondicionales para vender y est\u00e1n sujetos a cambios sin previo aviso<br \/>Los precios declarados del vendedor son FOB Punto de embarque y, a menos que se especifique lo contrario,<br \/>Los precios del vendedor no incluyen ning\u00fan privilegio, ocupaci\u00f3n propiedad personal, valor agregado, ventas, impuestos especiales, uso, ingresos o cualquier otro impuesto El Vendedor puede agregar el monto de cualquier impuesto a la factura El Cliente ser\u00e1 responsable de todos estos impuestos, facturados o no por el Vendedor Si se determina que un certificado de exenci\u00f3n provisto por el Cliente es inv\u00e1lido o si el Cliente no entrega oportunamente una declaraci\u00f3n v\u00e1lida declaraci\u00f3n jurada notarial o cualquier otra documentaci\u00f3n necesaria, se puede facturar cualquier impuesto sobre ventas.<br \/>Los precios cotizados por el Vendedor est\u00e1n sujetos a cambios constantes<br \/>En caso de retraso en el pago, el Vendedor se reserva el derecho de cobrar intereses por el menor del 15% mensual o la tasa no usurera m\u00e1s alta permitida por la ley aplicable<br \/>El Cliente no tendr\u00e1 derecho a compensar, y el Cliente renuncia expresamente y libera cualquier derecho de compensaci\u00f3n, contra el dinero adeudado al Vendedor, las sumas reclamadas o debidas al Cliente por el Vendedor bajo el contrato o cualquier otro contrato entre el Vendedor y el Cliente, incluyendo, sin limitaci\u00f3n, todas y cada una de las reclamaciones por da\u00f1os y perjuicios<br \/>Condiciones de pago. Todas las \u00f3rdenes est\u00e1n sujetas a la evaluaci\u00f3n del Cliente del cr\u00e9dito del Cliente. Siempre que el Vendedor, a su sola discreci\u00f3n, considere que el Cliente es digno de cr\u00e9dito, los t\u00e9rminos est\u00e1ndar son netos 30 dias. El Vendedor se reserva el derecho de rechazar y lo suspender la entrega de cualquier pedido en cualquier momento si el Vendedor determina que el cr\u00e9dito del Cliente es desfavorable. Si el Vendedor por cualquier raz\u00f3n a su sola discreci\u00f3n se siente inseguro sobre la voluntad o habilidad del Cliente para realizar, el Vendedor tendr\u00e1 el derecho incondicional de exigir el pago en su totalidad antes de la entrega.<br \/>Entrega tardia a petici\u00f3n del cliente. En el caso de que el Cliente pospuso la entrega, solicita que el Vendedor suspenda la venta, no da al Vendedor informaci\u00f3n suficiente para procesar la orden del Cliente, o de otra manera no recibe la entrega, el Vendedor tendr\u00e1 derecho, sin perjuicio de cualquier otro derecho que pueda tener.<br \/>Cuotas, Fuerza mayor. No aceptaci\u00f3n.<br \/>Las fechas de entrega son s\u00f3lo estimaciones y el tiempo no es esencial. Aunque el Vendedor se esforzar\u00e1 en la medida de lo posible para entregar el pasaje, boleto o afin conforme al criterio de venta, el Vendedor podr\u00e1 a su sola discreci\u00f3n cancelar o modificar todas las fechas de entrega y el Vendedor no ser\u00e1 responsable ante el Cliente por cualquier p\u00e9rdida del boleto,<\/p>\r\n<h4>Solvencia: Seguridad<\/h4>\r\n<p>El Cliente declara que el Cliente es solvente financieramente<br \/>Para asegurar cualquier porci\u00f3n no pagada del precio de compra o cualquier otra deuda del Cliente al Vendedor, el Cliente por este medio asigna al Vendedor y otorga al Vendedor una garantia real sobre el pasaje, boleto o afin El Cliente acuerda ejecutar dichas declaraciones de financiamiento o documentos adicionales, o tomar cualquier otra acci\u00f3n que el Vendedor pueda razonablemente requerir para perfeccionar dicho inter\u00e9s y el Cliente por este medio nombra al Vendedor su apoderado para el prop\u00f3sito de ejecutar dichos documentos o tomar tal acci\u00f3n<br \/>Fecha de la transacci\u00f3n<br \/>A los fines de esta Politica de reembolso, se refiere a la fecha de compra de cualquier producto o servicio, que incluye la fecha de procesamiento de cualquier renovaci\u00f3n por parte de LIMAMENTOR seg\u00fan los t\u00e9rminos y condiciones del contrato correspondiente del producto o servicio<\/p>\r\n<h4>Periodo de reembolso:<\/h4>\r\n<p>Puede cancelar un producto en cualquier momento, pero el reembolso solo se emitir\u00e1 si lo solicita al servicio de atenci\u00f3n al cliente de LIMAMENTOR dentro del per\u00edodo de tiempo de reembolso especificado para el producto correspondiente, si est\u00e1 disponible.<\/p>\r\n<h4>Sin reembolso despu\u00e9s del cierre de la cuenta:<\/h4>\r\n<p>Si re\u00fane los requisitos para recibir un reembolso, tiene que solicitarlo antes del cierre de la cuenta. Puede elegir cerrar su cuenta con nosotros en cualquier momento, pero al cerrarla dejar\u00e1 de ser elegible para recibir un reembolso como lo permite esta Pol\u00edtica de reembolso. CLIENTES BRASILE\u00d1OS. TODOS LOS PRODUCTOS VENDIDOS POR LIMAMENTOR SE PUEDEN REEMBOLSAR SOLO SI SE CANCELAN DENTRO DE LOS SIETE (7) D\u00cdAS DESDE LA FECHA DE LA TRANSACCION. CUALQUIER PRODUCTO COMPRADO A LIMAMENTOR PERO QUE LIMAMENTOR NO LO VENDA DIRECTAMENTE (P. EJ., DOMINIOS PREMIUM) NO SON REEMBOLSABLES.<\/p>\r\n<h4>T\u00e9rminos de reembolso est\u00e1ndar:<\/h4>\r\n<p>Compras \u00fanicas: Dentro las 24 horas. Planes anuales: Dentro de los 30 dias posteriores a la fecha de la transacci\u00f3n. Planes mensuales: Dentro de las 48 horas posteriores a la fecha de la transacci\u00f3n.<\/p>\r\n<p>Productos con t\u00e9rminos de reembolso especiales<br \/>Reembolsables durante las primeras 24 horas si no hay ofertas.[\/vc_column_text][\/vc_column][\/vc_row]","protected":false},"excerpt":{"rendered":"<p>[vc_row type=&#8221;full_width_content&#8221; full_screen_row_position=&#8221;middle&#8221; column_margin=&#8221;default&#8221; column_direction=&#8221;default&#8221; column_direction_tablet=&#8221;default&#8221; column_direction_phone=&#8221;default&#8221; bg_color=&#8221;#ffffff&#8221; scene_position=&#8221;center&#8221; text_color=&#8221;dark&#8221; text_align=&#8221;left&#8221; row_border_radius=&#8221;none&#8221; row_border_radius_applies=&#8221;bg&#8221; overflow=&#8221;visible&#8221; overlay_strength=&#8221;0.3&#8243; gradient_direction=&#8221;left_to_right&#8221; shape_divider_position=&#8221;bottom&#8221; bg_image_animation=&#8221;none&#8221; gradient_type=&#8221;default&#8221; shape_type=&#8221;&#8221;][vc_column column_padding=&#8221;no-extra-padding&#8221; column_padding_tablet=&#8221;inherit&#8221; column_padding_phone=&#8221;inherit&#8221; column_padding_position=&#8221;all&#8221; column_element_direction_desktop=&#8221;default&#8221; column_element_spacing=&#8221;default&#8221; desktop_text_alignment=&#8221;default&#8221; tablet_text_alignment=&#8221;default&#8221; phone_text_alignment=&#8221;default&#8221; background_color_opacity=&#8221;1&#8243;&#8230;<\/p>\n","protected":false},"author":2,"featured_media":0,"parent":0,"menu_order":0,"comment_status":"closed","ping_status":"open","template":"","meta":{"iawp_total_views":1,"footnotes":""},"class_list":["post-3006","page","type-page","status-publish"],"yoast_head":"<!-- This site is optimized with the Yoast SEO Premium plugin v19.6 (Yoast SEO v27.2) - https:\/\/yoast.com\/product\/yoast-seo-premium-wordpress\/ -->\n<title>Pol\u00edticas de protecci\u00f3n de datos | Amaca<\/title>\n<meta name=\"robots\" content=\"index, follow, max-snippet:-1, max-image-preview:large, max-video-preview:-1\" \/>\n<link rel=\"canonical\" href=\"https:\/\/amacaecostation.com\/fr\/politicas-de-proteccion-de-datos\/\" \/>\n<meta property=\"og:locale\" content=\"fr_FR\" \/>\n<meta property=\"og:type\" content=\"article\" \/>\n<meta property=\"og:title\" content=\"Pol\u00edticas de protecci\u00f3n de datos\" \/>\n<meta property=\"og:description\" content=\"[vc_row type=&#8221;full_width_content&#8221; full_screen_row_position=&#8221;middle&#8221; column_margin=&#8221;default&#8221; column_direction=&#8221;default&#8221; column_direction_tablet=&#8221;default&#8221; column_direction_phone=&#8221;default&#8221; bg_color=&#8221;#ffffff&#8221; scene_position=&#8221;center&#8221; text_color=&#8221;dark&#8221; text_align=&#8221;left&#8221; row_border_radius=&#8221;none&#8221; row_border_radius_applies=&#8221;bg&#8221; overflow=&#8221;visible&#8221; overlay_strength=&#8221;0.3&#8243; gradient_direction=&#8221;left_to_right&#8221; shape_divider_position=&#8221;bottom&#8221; bg_image_animation=&#8221;none&#8221; gradient_type=&#8221;default&#8221; shape_type=&#8221;&#8221;][vc_column column_padding=&#8221;no-extra-padding&#8221; column_padding_tablet=&#8221;inherit&#8221; column_padding_phone=&#8221;inherit&#8221; column_padding_position=&#8221;all&#8221; column_element_direction_desktop=&#8221;default&#8221; column_element_spacing=&#8221;default&#8221; desktop_text_alignment=&#8221;default&#8221; tablet_text_alignment=&#8221;default&#8221; phone_text_alignment=&#8221;default&#8221; background_color_opacity=&#8221;1&#8243;...\" \/>\n<meta property=\"og:url\" content=\"https:\/\/amacaecostation.com\/fr\/politicas-de-proteccion-de-datos\/\" \/>\n<meta property=\"og:site_name\" content=\"Amaca\" \/>\n<meta property=\"article:publisher\" content=\"https:\/\/www.facebook.com\/amacaecostation\/\" \/>\n<meta property=\"article:modified_time\" content=\"2023-03-03T00:10:36+00:00\" \/>\n<meta property=\"og:image\" content=\"https:\/\/amacaecostation.com\/wp-content\/uploads\/2025\/02\/Iquitos-lodge-amaca-eco-station.webp\" \/>\n\t<meta property=\"og:image:width\" content=\"960\" \/>\n\t<meta property=\"og:image:height\" content=\"720\" \/>\n\t<meta property=\"og:image:type\" content=\"image\/webp\" \/>\n<meta name=\"twitter:card\" content=\"summary_large_image\" \/>\n<meta name=\"twitter:label1\" content=\"Est. reading time\" \/>\n\t<meta name=\"twitter:data1\" content=\"7 minutes\" \/>\n<script type=\"application\/ld+json\" class=\"yoast-schema-graph\">{\"@context\":\"https:\/\/schema.org\",\"@graph\":[{\"@type\":\"WebPage\",\"@id\":\"https:\/\/amacaecostation.com\/fr\/politicas-de-proteccion-de-datos\/\",\"url\":\"https:\/\/amacaecostation.com\/fr\/politicas-de-proteccion-de-datos\/\",\"name\":\"Pol\u00edticas de protecci\u00f3n de datos | Amaca\",\"isPartOf\":{\"@id\":\"https:\/\/amacaecostation.com\/#website\"},\"datePublished\":\"2023-01-23T19:59:21+00:00\",\"dateModified\":\"2023-03-03T00:10:36+00:00\",\"breadcrumb\":{\"@id\":\"https:\/\/amacaecostation.com\/fr\/politicas-de-proteccion-de-datos\/#breadcrumb\"},\"inLanguage\":\"fr-FR\",\"potentialAction\":[{\"@type\":\"ReadAction\",\"target\":[\"https:\/\/amacaecostation.com\/fr\/politicas-de-proteccion-de-datos\/\"]}]},{\"@type\":\"BreadcrumbList\",\"@id\":\"https:\/\/amacaecostation.com\/fr\/politicas-de-proteccion-de-datos\/#breadcrumb\",\"itemListElement\":[{\"@type\":\"ListItem\",\"position\":1,\"name\":\"Portada\",\"item\":\"https:\/\/amacaecostation.com\/fr\/\"},{\"@type\":\"ListItem\",\"position\":2,\"name\":\"Pol\u00edticas de protecci\u00f3n de datos\"}]},{\"@type\":\"WebSite\",\"@id\":\"https:\/\/amacaecostation.com\/#website\",\"url\":\"https:\/\/amacaecostation.com\/\",\"name\":\"amacaecostation.com\",\"description\":\"AMACA eco sustainable lodge iquitos peru\",\"publisher\":{\"@id\":\"https:\/\/amacaecostation.com\/#organization\"},\"alternateName\":\"eco lodge iquitos\",\"potentialAction\":[{\"@type\":\"SearchAction\",\"target\":{\"@type\":\"EntryPoint\",\"urlTemplate\":\"https:\/\/amacaecostation.com\/?s={search_term_string}\"},\"query-input\":{\"@type\":\"PropertyValueSpecification\",\"valueRequired\":true,\"valueName\":\"search_term_string\"}}],\"inLanguage\":\"fr-FR\"},{\"@type\":\"Organization\",\"@id\":\"https:\/\/amacaecostation.com\/#organization\",\"name\":\"Amaca Eco Station\",\"alternateName\":\"Amaca\",\"url\":\"https:\/\/amacaecostation.com\/\",\"logo\":{\"@type\":\"ImageObject\",\"inLanguage\":\"fr-FR\",\"@id\":\"https:\/\/amacaecostation.com\/#\/schema\/logo\/image\/\",\"url\":\"https:\/\/amacaecostation.com\/wp-content\/uploads\/2023\/02\/cropped-AMACA-favicon-1.png\",\"contentUrl\":\"https:\/\/amacaecostation.com\/wp-content\/uploads\/2023\/02\/cropped-AMACA-favicon-1.png\",\"width\":512,\"height\":512,\"caption\":\"Amaca Eco Station\"},\"image\":{\"@id\":\"https:\/\/amacaecostation.com\/#\/schema\/logo\/image\/\"},\"sameAs\":[\"https:\/\/www.facebook.com\/amacaecostation\/\",\"https:\/\/www.instagram.com\/amacaecostation\/\"]}]}<\/script>\n<!-- \/ Yoast SEO Premium plugin. -->","yoast_head_json":{"title":"Pol\u00edticas de protecci\u00f3n de datos | Amaca","robots":{"index":"index","follow":"follow","max-snippet":"max-snippet:-1","max-image-preview":"max-image-preview:large","max-video-preview":"max-video-preview:-1"},"canonical":"https:\/\/amacaecostation.com\/fr\/politicas-de-proteccion-de-datos\/","og_locale":"fr_FR","og_type":"article","og_title":"Pol\u00edticas de protecci\u00f3n de datos","og_description":"[vc_row type=&#8221;full_width_content&#8221; full_screen_row_position=&#8221;middle&#8221; column_margin=&#8221;default&#8221; column_direction=&#8221;default&#8221; column_direction_tablet=&#8221;default&#8221; column_direction_phone=&#8221;default&#8221; bg_color=&#8221;#ffffff&#8221; scene_position=&#8221;center&#8221; text_color=&#8221;dark&#8221; text_align=&#8221;left&#8221; row_border_radius=&#8221;none&#8221; row_border_radius_applies=&#8221;bg&#8221; overflow=&#8221;visible&#8221; overlay_strength=&#8221;0.3&#8243; gradient_direction=&#8221;left_to_right&#8221; shape_divider_position=&#8221;bottom&#8221; bg_image_animation=&#8221;none&#8221; gradient_type=&#8221;default&#8221; shape_type=&#8221;&#8221;][vc_column column_padding=&#8221;no-extra-padding&#8221; column_padding_tablet=&#8221;inherit&#8221; column_padding_phone=&#8221;inherit&#8221; column_padding_position=&#8221;all&#8221; column_element_direction_desktop=&#8221;default&#8221; column_element_spacing=&#8221;default&#8221; desktop_text_alignment=&#8221;default&#8221; tablet_text_alignment=&#8221;default&#8221; phone_text_alignment=&#8221;default&#8221; background_color_opacity=&#8221;1&#8243;...","og_url":"https:\/\/amacaecostation.com\/fr\/politicas-de-proteccion-de-datos\/","og_site_name":"Amaca","article_publisher":"https:\/\/www.facebook.com\/amacaecostation\/","article_modified_time":"2023-03-03T00:10:36+00:00","og_image":[{"width":960,"height":720,"url":"https:\/\/amacaecostation.com\/wp-content\/uploads\/2025\/02\/Iquitos-lodge-amaca-eco-station.webp","type":"image\/webp"}],"twitter_card":"summary_large_image","twitter_misc":{"Est. reading time":"7 minutes"},"schema":{"@context":"https:\/\/schema.org","@graph":[{"@type":"WebPage","@id":"https:\/\/amacaecostation.com\/fr\/politicas-de-proteccion-de-datos\/","url":"https:\/\/amacaecostation.com\/fr\/politicas-de-proteccion-de-datos\/","name":"Pol\u00edticas de protecci\u00f3n de datos | Amaca","isPartOf":{"@id":"https:\/\/amacaecostation.com\/#website"},"datePublished":"2023-01-23T19:59:21+00:00","dateModified":"2023-03-03T00:10:36+00:00","breadcrumb":{"@id":"https:\/\/amacaecostation.com\/fr\/politicas-de-proteccion-de-datos\/#breadcrumb"},"inLanguage":"fr-FR","potentialAction":[{"@type":"ReadAction","target":["https:\/\/amacaecostation.com\/fr\/politicas-de-proteccion-de-datos\/"]}]},{"@type":"BreadcrumbList","@id":"https:\/\/amacaecostation.com\/fr\/politicas-de-proteccion-de-datos\/#breadcrumb","itemListElement":[{"@type":"ListItem","position":1,"name":"Portada","item":"https:\/\/amacaecostation.com\/fr\/"},{"@type":"ListItem","position":2,"name":"Pol\u00edticas de protecci\u00f3n de datos"}]},{"@type":"WebSite","@id":"https:\/\/amacaecostation.com\/#website","url":"https:\/\/amacaecostation.com\/","name":"amacaecostation.com","description":"AMACA eco sustainable lodge iquitos peru","publisher":{"@id":"https:\/\/amacaecostation.com\/#organization"},"alternateName":"eco lodge iquitos","potentialAction":[{"@type":"SearchAction","target":{"@type":"EntryPoint","urlTemplate":"https:\/\/amacaecostation.com\/?s={search_term_string}"},"query-input":{"@type":"PropertyValueSpecification","valueRequired":true,"valueName":"search_term_string"}}],"inLanguage":"fr-FR"},{"@type":"Organization","@id":"https:\/\/amacaecostation.com\/#organization","name":"Amaca Eco Station","alternateName":"Amaca","url":"https:\/\/amacaecostation.com\/","logo":{"@type":"ImageObject","inLanguage":"fr-FR","@id":"https:\/\/amacaecostation.com\/#\/schema\/logo\/image\/","url":"https:\/\/amacaecostation.com\/wp-content\/uploads\/2023\/02\/cropped-AMACA-favicon-1.png","contentUrl":"https:\/\/amacaecostation.com\/wp-content\/uploads\/2023\/02\/cropped-AMACA-favicon-1.png","width":512,"height":512,"caption":"Amaca Eco Station"},"image":{"@id":"https:\/\/amacaecostation.com\/#\/schema\/logo\/image\/"},"sameAs":["https:\/\/www.facebook.com\/amacaecostation\/","https:\/\/www.instagram.com\/amacaecostation\/"]}]}},"_links":{"self":[{"href":"https:\/\/amacaecostation.com\/fr\/wp-json\/wp\/v2\/pages\/3006","targetHints":{"allow":["GET"]}}],"collection":[{"href":"https:\/\/amacaecostation.com\/fr\/wp-json\/wp\/v2\/pages"}],"about":[{"href":"https:\/\/amacaecostation.com\/fr\/wp-json\/wp\/v2\/types\/page"}],"author":[{"embeddable":true,"href":"https:\/\/amacaecostation.com\/fr\/wp-json\/wp\/v2\/users\/2"}],"replies":[{"embeddable":true,"href":"https:\/\/amacaecostation.com\/fr\/wp-json\/wp\/v2\/comments?post=3006"}],"version-history":[{"count":4,"href":"https:\/\/amacaecostation.com\/fr\/wp-json\/wp\/v2\/pages\/3006\/revisions"}],"predecessor-version":[{"id":4337,"href":"https:\/\/amacaecostation.com\/fr\/wp-json\/wp\/v2\/pages\/3006\/revisions\/4337"}],"wp:attachment":[{"href":"https:\/\/amacaecostation.com\/fr\/wp-json\/wp\/v2\/media?parent=3006"}],"curies":[{"name":"wp","href":"https:\/\/api.w.org\/{rel}","templated":true}]}}